{"id":946,"date":"2022-10-11T07:59:35","date_gmt":"2022-10-11T05:59:35","guid":{"rendered":"https:\/\/concursoescolar.portaventuraworld.com\/politica-de-privacitat\/"},"modified":"2022-11-03T17:11:38","modified_gmt":"2022-11-03T16:11:38","slug":"politica-de-privacitat","status":"publish","type":"page","link":"https:\/\/concursoescolar.portaventuraworld.com\/ca\/politica-de-privacitat\/","title":{"rendered":"Pol\u00edtica de privacitat"},"content":{"rendered":"\n<p><strong>Informaci\u00f3 ampliada tractament dades car\u00e0cter personal CONCURS<\/strong><\/p>\n\n\n\n<p><strong>Normativa<\/strong>: Reglament (UE) 2016\/679 RGPD<\/p>\n\n\n\n<p><strong>Responsable del tractament<\/strong>: PORT AVENTURA ENTERTAINMENT, S.A.U.<\/p>\n\n\n\n<p>NIF A-63.776.306&nbsp;<\/p>\n\n\n\n<p>Adre\u00e7a: Av. Alcalde Pere Molas, km. 2. 43480 Vila &#8211; seca (Tarragona)<\/p>\n\n\n\n<p>Tel\u00e8fon: (+34) 977 779 000<\/p>\n\n\n\n<p>Correu electr\u00f2nic: <a href=\"mailto:lopd@portaventura.es\">lopd@portaventura.es<\/a><\/p>\n\n\n\n<p>Dades sotmeses a tractament<\/p>\n\n\n\n<p>En relaci\u00f3 amb el tractament de dades personals realitzat en el marc del concurs, s&#8217;informa que\r\nles dades tractades seran tant les dades identificatives com les espec\u00edficament d&#8217;imatge i veu.<\/p>\n\n\n\n<p><strong>Finalitat del tractament<\/strong>:<\/p>\n\n\n\n<p>1. La participaci\u00f3 en el concurs organitzat per Port Aventura Entertainment, S.A.U.<\/p>\n\n\n\n<p>La base legal per al tractament de les seves dades \u00e9s el consentiment de l&#8217;interessat i\/o el seu\r\nrepresentant legal i les dades seran guardades fins a la finalitzaci\u00f3 del concurs, promoci\u00f3, sorteig,\r\ntaller o activitat en la qual participi.&nbsp;<\/p>\n\n\n\n<p>2. Enviament d&#8217;informaci\u00f3 per via electr\u00f2nica sobre productes, serveis, promocions i novetats de\r\nPortAventura World que puguin ser d&#8217;inter\u00e8s (en el cas que ens hagi facilitat la seva expressa\r\nautoritzaci\u00f3).&nbsp;<\/p>\n\n\n\n<p>La base legal per al tractament de les seves dades d&#8217;aquestes finalitats \u00e9s el consentiment de l&#8217;interessat i\/o el seu representant legal i les dades seran guardades fins a la finalitzaci\u00f3 de l&#8217;acci\u00f3\r\no se sol\u00b7liciti la seva supressi\u00f3 per l&#8217;interessat i\/o el seu representant legal.<\/p>\n\n\n\n<p>L&#8217;informem que pot retirar el seu consentiment en qualsevol moment, dirigint-se per escrit a\r\nl&#8217;adre\u00e7a del Responsable del Tractament.<\/p>\n\n\n\n<p>Si vost\u00e8 el retira, els tractaments que s&#8217;hagin realitzat abans continuaran sent v\u00e0lids.<\/p>\n\n\n\n<p><strong>Destinataris de dades<\/strong>: No es realitzaran cessions de dades excepte, en el cas que ens hagi donat la seva autoritzaci\u00f3 per a la cessi\u00f3 de la imatge, a xarxes socials, mitjans de comunicaci\u00f3 i al p\u00fablic en general i solament amb la finalitat de promocionar i donar a con\u00e8ixer l&#8217;activitat\r\nde Port Aventura Entertainment, S.A.U.<\/p>\n\n\n\n<p><strong>Transfer\u00e8ncies Internacionals de dades<\/strong>:<\/p>\n\n\n\n<p>No es realitzaran transfer\u00e8ncies internacionals de dades.<\/p>\n\n\n\n<p><strong>Drets de l&#8217;interessat<\/strong>:<\/p>\n\n\n\n<p>T\u00e9 dret a obtenir confirmaci\u00f3 sobre si a PORT AVENTURA ENTERTAINMENT, S.A.U. estem tractant dades personals que el concerneixin, o no.\r\n<\/p>\n\n\n\n<p>Aix\u00ed mateix, t\u00e9 dret a accedir a les seves dades personals, aix\u00ed com a sol\u00b7licitar la rectificaci\u00f3 de\r\nles dades inexactes o, si escau, sol\u00b7licitar la seva supressi\u00f3 quan, entre altres motius, les dades\r\nja no siguin necess\u00e0ries per als fins que van ser recollides.<\/p>\n\n\n\n<p>En determinades circumst\u00e0ncies, podr\u00e0 sol\u00b7licitar la limitaci\u00f3 del tractament de les seves dades,\r\ni en aquest cas \u00fanicament les conservarem per a l&#8217;exercici o la defensa de reclamacions.<\/p>\n\n\n\n<p>En determinades circumst\u00e0ncies i per motius relacionats amb la seva situaci\u00f3 particular, podr\u00e0\r\noposar-se al tractament de les seves dades. PORT AVENTURA ENTERTAINMENT, S.A.U. deixar\u00e0 de tractar les dades, excepte per motius leg\u00edtims imperiosos, o l&#8217;exercici o la defensa de\r\npossibles reclamacions.<\/p>\n\n\n\n<p>Aix\u00ed mateix, pot exercir el dret a la portabilitat de les dades, aix\u00ed com retirar els consentiments\r\nfacilitats en qualsevol moment, sense que aix\u00f2 afecti la licitud del tractament basat en el\r\nconsentiment previ a la seva retirada.<\/p>\n\n\n\n<p>Si desitja exercir qualsevol dels seus drets, pot dirigir-se a nosaltres enviant una comunicaci\u00f3 escrita a l&#8217;adre\u00e7a de correu electr\u00f2nic <a href=\"mailto:lopd@portaventura.es\">lopd@portaventura.es<\/a>, o b\u00e9, a la nostra adre\u00e7a postal PORT AVENTURA ENTERTAINMENT,S.A.U. (Departament d&#8217;Assessoria Jur\u00eddica), Av. Alcalde Pere Molas, km.2. 43480 Vila-seca (Tarragona). La sol\u00b7licitud d&#8217;exercici de qualsevol dels seus drets haur\u00e0 d&#8217;anar acompanyada d&#8217;una c\u00f2pia de document oficial que l&#8217;identifiqui (DNI, perm\u00eds de conduir o passaport).<\/p>\n\n\n\n<p>Finalment, l&#8217;informem que pot dirigir-se a l&#8217;Ag\u00e8ncia Espanyola de Protecci\u00f3 de Dades i altres\r\norganismes p\u00fablics competents per a qualsevol reclamaci\u00f3 derivada del tractament de les seves dades personals.\r\n<\/p>\n","protected":false},"excerpt":{"rendered":"<p>Informaci\u00f3 ampliada tractament dades car\u00e0cter personal CONCURS Normativa: Reglament (UE) 2016\/679 RGPD Responsable del tractament: PORT AVENTURA ENTERTAINMENT, S.A.U. NIF A-63.776.306&nbsp; Adre\u00e7a: Av. Alcalde Pere Molas, km. 2. 43480 Vila &#8211; seca (Tarragona) Tel\u00e8fon: (+34) 977 779 000 Correu electr\u00f2nic: lopd@portaventura.es Dades sotmeses a tractament En relaci\u00f3 amb el tractament de dades personals realitzat en &#8230; <a title=\"Pol\u00edtica de privacitat\" class=\"read-more\" href=\"https:\/\/concursoescolar.portaventuraworld.com\/ca\/politica-de-privacitat\/\" aria-label=\"M\u00e9s informaci\u00f3 sobre Pol\u00edtica de privacitat\">Llegiu m\u00e9s<\/a><\/p>\n","protected":false},"author":1,"featured_media":0,"parent":0,"menu_order":0,"comment_status":"closed","ping_status":"closed","template":"","meta":{"footnotes":""},"class_list":["post-946","page","type-page","status-publish"],"_links":{"self":[{"href":"https:\/\/concursoescolar.portaventuraworld.com\/ca\/wp-json\/wp\/v2\/pages\/946","targetHints":{"allow":["GET"]}}],"collection":[{"href":"https:\/\/concursoescolar.portaventuraworld.com\/ca\/wp-json\/wp\/v2\/pages"}],"about":[{"href":"https:\/\/concursoescolar.portaventuraworld.com\/ca\/wp-json\/wp\/v2\/types\/page"}],"author":[{"embeddable":true,"href":"https:\/\/concursoescolar.portaventuraworld.com\/ca\/wp-json\/wp\/v2\/users\/1"}],"replies":[{"embeddable":true,"href":"https:\/\/concursoescolar.portaventuraworld.com\/ca\/wp-json\/wp\/v2\/comments?post=946"}],"version-history":[{"count":4,"href":"https:\/\/concursoescolar.portaventuraworld.com\/ca\/wp-json\/wp\/v2\/pages\/946\/revisions"}],"predecessor-version":[{"id":1137,"href":"https:\/\/concursoescolar.portaventuraworld.com\/ca\/wp-json\/wp\/v2\/pages\/946\/revisions\/1137"}],"wp:attachment":[{"href":"https:\/\/concursoescolar.portaventuraworld.com\/ca\/wp-json\/wp\/v2\/media?parent=946"}],"curies":[{"name":"wp","href":"https:\/\/api.w.org\/{rel}","templated":true}]}}