{"id":696,"date":"2022-10-04T14:01:17","date_gmt":"2022-10-04T12:01:17","guid":{"rendered":"https:\/\/concursoescolar.portaventuraworld.com\/participa\/"},"modified":"2025-11-20T16:24:55","modified_gmt":"2025-11-20T15:24:55","slug":"participa","status":"publish","type":"page","link":"https:\/\/concursoescolar.portaventuraworld.com\/ca\/participa\/","title":{"rendered":"Participa"},"content":{"rendered":"<div class=\"gb-container gb-container-8dc4840f alignfull\"><div class=\"gb-inside-container\">\n<div class=\"gb-grid-wrapper gb-grid-wrapper-640c7e32\">\n<div class=\"gb-grid-column gb-grid-column-52939538\"><div class=\"gb-container gb-container-52939538 global_header_left\"><div class=\"gb-inside-container\"><\/div><\/div><\/div>\n\n<div class=\"gb-grid-column gb-grid-column-d7f652c7\"><div class=\"gb-container gb-container-d7f652c7\"><div class=\"gb-inside-container\">\n\n<h2 class=\"gb-headline gb-headline-90b1243d gb-headline-text\">Sou alumnes de 5\u00e8 i 6\u00e8 de Primaria i 1er i 2n de la ESO i esteu compromesos amb la protecci\u00f3 del medi ambient?<\/h2>\n\n<\/div><\/div><\/div>\n\n<div class=\"gb-grid-column gb-grid-column-6b40d75b\"><div class=\"gb-container gb-container-6b40d75b global_header_right\"><div class=\"gb-inside-container\"><\/div><\/div><\/div>\n<\/div>\n<\/div><\/div>\n\n<div class=\"gb-container gb-container-aaf22d98 alignfull\"><div class=\"gb-inside-container\">\n<div class=\"gb-grid-wrapper gb-grid-wrapper-f9d6f25a\">\n<div class=\"gb-grid-column gb-grid-column-5de76e17\"><div class=\"gb-container gb-container-5de76e17\"><div class=\"gb-inside-container\">\n<div class=\"gb-container gb-container-91a7b7e5\"><div class=\"gb-inside-container\">\n\n<figure class=\"wp-block-image size-full\"><img loading=\"lazy\" decoding=\"async\" width=\"345\" height=\"456\" src=\"https:\/\/concursoescolar.portaventuraworld.com\/wp-content\/uploads\/2022\/10\/Isabella.png\" alt=\"\" class=\"wp-image-746\" srcset=\"https:\/\/concursoescolar.portaventuraworld.com\/wp-content\/uploads\/2022\/10\/Isabella.png 345w, https:\/\/concursoescolar.portaventuraworld.com\/wp-content\/uploads\/2022\/10\/Isabella-227x300.png 227w\" sizes=\"auto, (max-width: 345px) 100vw, 345px\" \/><\/figure>\n\n<\/div><\/div>\n<\/div><\/div><\/div>\n\n<div class=\"gb-grid-column gb-grid-column-4c03272e\"><div class=\"gb-container gb-container-4c03272e\"><div class=\"gb-inside-container\">\n\n<h2 class=\"gb-headline gb-headline-2ec4eb8f gb-headline-text\">Descobriu els reptes mediambientals<\/h2>\n\n\n\n<h2 class=\"gb-headline gb-headline-6da3cd9b gb-headline-text\">que els germans exploradors Isabella i Chester Cook volen compartir amb vosaltres<\/h2>\n\n\n\n<p class=\"gb-headline gb-headline-353ab0b4 gb-headline-text\">i ajudeu a protegir el medi ambient amb projectes originals i amb impacte positiu que podreu implementar des del vostre centre educatiu.<\/p>\n\n<\/div><\/div><\/div>\n<\/div>\n<\/div><\/div>\n\n<div class=\"gb-container gb-container-3d82c55a\"><div class=\"gb-inside-container\">\n\n<h2 class=\"gb-headline gb-headline-51f9ba42 gb-headline-text\">ELS REPTES<\/h2>\n\n\n<div class=\"gb-container gb-container-ba34fe33\"><div class=\"gb-inside-container\">\n<div class=\"gb-grid-wrapper gb-grid-wrapper-a20f517c\">\n<div class=\"gb-grid-column gb-grid-column-1034ffc9\"><div class=\"gb-container gb-container-1034ffc9\"><div class=\"gb-inside-container\">\n\n<figure class=\"gb-block-image gb-block-image-0b90f3c1\"><img loading=\"lazy\" decoding=\"async\" width=\"224\" height=\"230\" class=\"gb-image gb-image-0b90f3c1\" src=\"https:\/\/concursoescolar.portaventuraworld.com\/wp-content\/uploads\/2022\/10\/ico-enerigias-renovables.png\" alt=\"\" title=\"ico-enerigias-renovables\"\/>\n<h3 class=\"gb-headline gb-headline-60b75ac5 gb-headline-text\">EnergIEs renovables<\/h3>\n<\/figure>\n\n<\/div><\/div><\/div>\n\n<div class=\"gb-grid-column gb-grid-column-53ab5ddd\"><div class=\"gb-container gb-container-53ab5ddd\"><div class=\"gb-inside-container\">\n\n<figure class=\"gb-block-image gb-block-image-2ebf2079\"><img loading=\"lazy\" decoding=\"async\" width=\"135\" height=\"217\" class=\"gb-image gb-image-2ebf2079\" src=\"https:\/\/concursoescolar.portaventuraworld.com\/wp-content\/uploads\/2022\/10\/ico-residuo-cero.png\" alt=\"\" title=\"ico-residuo-cero\"\/>\n<h3 class=\"gb-headline gb-headline-a2ae5d31 gb-headline-text\">Residu Zero<\/h3>\n<\/figure>\n\n<\/div><\/div><\/div>\n\n<div class=\"gb-grid-column gb-grid-column-d7b10714\"><div class=\"gb-container gb-container-d7b10714\"><div class=\"gb-inside-container\">\n\n<figure class=\"gb-block-image gb-block-image-aa042334\"><img loading=\"lazy\" decoding=\"async\" width=\"237\" height=\"204\" class=\"gb-image gb-image-aa042334\" src=\"https:\/\/concursoescolar.portaventuraworld.com\/wp-content\/uploads\/2022\/10\/ico-cambio-climatico.png\" alt=\"\" title=\"ico-cambio-climatico\"\/>\n<h3 class=\"gb-headline gb-headline-20b52e5d gb-headline-text\">CaNVi clim\u00c0tic<\/h3>\n<\/figure>\n\n<\/div><\/div><\/div>\n\n<div class=\"gb-grid-column gb-grid-column-772b71d6\"><div class=\"gb-container gb-container-772b71d6\"><div class=\"gb-inside-container\">\n\n<figure class=\"gb-block-image gb-block-image-54b10d8a\"><img loading=\"lazy\" decoding=\"async\" width=\"253\" height=\"217\" class=\"gb-image gb-image-54b10d8a\" src=\"https:\/\/concursoescolar.portaventuraworld.com\/wp-content\/uploads\/2022\/10\/ico-biodiversidad.png\" alt=\"\" title=\"ico-biodiversidad\"\/>\n<h3 class=\"gb-headline gb-headline-226d2090 gb-headline-text\">BiodiversiTAT<\/h3>\n<\/figure>\n\n<\/div><\/div><\/div>\n\n<div class=\"gb-grid-column gb-grid-column-04f595ec\"><div class=\"gb-container gb-container-04f595ec\"><div class=\"gb-inside-container\">\n\n<figure class=\"gb-block-image gb-block-image-f0f7eec2\"><img loading=\"lazy\" decoding=\"async\" width=\"230\" height=\"230\" class=\"gb-image gb-image-f0f7eec2\" src=\"https:\/\/concursoescolar.portaventuraworld.com\/wp-content\/uploads\/2022\/10\/ico-desechos-marinos.png\" alt=\"\" title=\"ico-desechos-marinos\" srcset=\"https:\/\/concursoescolar.portaventuraworld.com\/wp-content\/uploads\/2022\/10\/ico-desechos-marinos.png 230w, https:\/\/concursoescolar.portaventuraworld.com\/wp-content\/uploads\/2022\/10\/ico-desechos-marinos-150x150.png 150w\" sizes=\"auto, (max-width: 230px) 100vw, 230px\" \/>\n<h3 class=\"gb-headline gb-headline-5d764880 gb-headline-text\">DEIXALLES AL MAR<\/h3>\n<\/figure>\n\n<\/div><\/div><\/div>\n<\/div>\n<\/div><\/div>\n<\/div><\/div>\n\n<div class=\"gb-container gb-container-2731b8dc alignfull\"><div class=\"gb-inside-container\">\n<div class=\"gb-container gb-container-9449da67\"><div class=\"gb-inside-container\">\n\n<h2 class=\"gb-headline gb-headline-c99d50e8 gb-headline-text\">Les millors propostes<br>guanyar\u00e1n grans <a href=\"https:\/\/concursoescolar.portaventuraworld.com\/ca\/premis-2\/\" data-type=\"link\" data-id=\"https:\/\/concursoescolar.portaventuraworld.com\/ca\/premis-2\/\">premis<\/a>!<\/h2>\n\n<\/div><\/div>\n<\/div><\/div>\n\n<div class=\"gb-container gb-container-f2cbcd4e alignfull\"><div class=\"gb-inside-container\">\n\n<h2 class=\"gb-headline gb-headline-f053a100 gb-headline-text\">Tots junts podem ajudar a construir un m\u00f3n m\u00e9s sostenible. Us apunteu al moviment #HTTMS i accepteu el repte? <\/h2>\n\n\n\n<h3 class=\"gb-headline gb-headline-fd42ba81 gb-headline-text\">Entra a la guia interactiva i comen\u00e7a l&#8217;aventura.<\/h3>\n\n\n<div class=\"gb-container gb-container-15e43649\"><div class=\"gb-inside-container\">\n<div class=\"gb-grid-wrapper gb-grid-wrapper-2693db0f\">\n<div class=\"gb-grid-column gb-grid-column-e2007ee7\"><div class=\"gb-container gb-container-e2007ee7\"><div class=\"gb-inside-container\">\n\n<h3 class=\"gb-headline gb-headline-de5bc1bd gb-headline-text\">GuIa Interactiva<\/h3>\n\n\n\n<figure class=\"gb-block-image gb-block-image-606e1049\"><img loading=\"lazy\" decoding=\"async\" width=\"600\" height=\"500\" class=\"gb-image gb-image-606e1049\" src=\"https:\/\/concursoescolar.portaventuraworld.com\/wp-content\/uploads\/2024\/10\/mockup-genially-24_25-CAT.png\" alt=\"\" title=\"mockup-genially-24_25-CAT\" srcset=\"https:\/\/concursoescolar.portaventuraworld.com\/wp-content\/uploads\/2024\/10\/mockup-genially-24_25-CAT.png 600w, https:\/\/concursoescolar.portaventuraworld.com\/wp-content\/uploads\/2024\/10\/mockup-genially-24_25-CAT-500x417.png 500w\" sizes=\"auto, (max-width: 600px) 100vw, 600px\" \/><\/figure>\n\n\n<div class=\"gb-button-wrapper gb-button-wrapper-760b5d1d\">\n\n<a class=\"gb-button gb-button-c42bbafd gb-button-text\" href=\"https:\/\/urldefense.com\/v3\/__https:\/view.genially.com\/68ac338cc09ae0a7bd5e00ad__;!!CT6z1i4dZ0fO4hoR7A!_69RwakFkGmpMyle7Q19kaswjZHp4xG3kRAS4JdeAmGqCKmlAnovEPqlTo0SpTywrmwhZABo0co65LsHtJGHxL5L-oDydjbUH1nOYf0wuqBD$\" target=\"_blank\" rel=\"noopener noreferrer\">&nbsp;&nbsp;&nbsp;&nbsp;&nbsp;&nbsp;veure&nbsp;&nbsp;&nbsp;&nbsp;&nbsp;&nbsp;<\/a>\n\n<\/div>\n<\/div><\/div><\/div>\n\n<div class=\"gb-grid-column gb-grid-column-c2fb50ee\"><div class=\"gb-container gb-container-c2fb50ee\"><div class=\"gb-inside-container\">\n\n<h3 class=\"gb-headline gb-headline-7339bbad gb-headline-text\">pas a pas<\/h3>\n\n\n\n<figure class=\"gb-block-image gb-block-image-887a0e7e\"><img loading=\"lazy\" decoding=\"async\" width=\"800\" height=\"744\" class=\"gb-image gb-image-887a0e7e\" src=\"https:\/\/concursoescolar.portaventuraworld.com\/wp-content\/uploads\/2024\/10\/Mockup-paso_a_paso-24_25-CAT.png\" alt=\"\" title=\"Mockup-paso_a_paso-24_25-CAT\" srcset=\"https:\/\/concursoescolar.portaventuraworld.com\/wp-content\/uploads\/2024\/10\/Mockup-paso_a_paso-24_25-CAT.png 800w, https:\/\/concursoescolar.portaventuraworld.com\/wp-content\/uploads\/2024\/10\/Mockup-paso_a_paso-24_25-CAT-500x465.png 500w, https:\/\/concursoescolar.portaventuraworld.com\/wp-content\/uploads\/2024\/10\/Mockup-paso_a_paso-24_25-CAT-768x714.png 768w\" sizes=\"auto, (max-width: 800px) 100vw, 800px\" \/><\/figure>\n\n\n<div class=\"gb-button-wrapper gb-button-wrapper-dbe76154\">\n\n<a class=\"gb-button gb-button-120ef0cd gb-button-text\" href=\"\/materiales\/paso_a_paso_cat.pdf\" target=\"_blank\" rel=\"noopener noreferrer\">descarregar<\/a>\n\n<\/div>\n<\/div><\/div><\/div>\n\n<div class=\"gb-grid-column gb-grid-column-5b7d46f8\"><div class=\"gb-container gb-container-5b7d46f8\"><div class=\"gb-inside-container\">\n\n<h3 class=\"gb-headline gb-headline-2a17572f gb-headline-text\">COM PARTICIPAR<\/h3>\n\n\n\n<figure class=\"gb-block-image gb-block-image-3c368e6a\"><img loading=\"lazy\" decoding=\"async\" width=\"441\" height=\"275\" class=\"gb-image gb-image-3c368e6a\" src=\"https:\/\/concursoescolar.portaventuraworld.com\/wp-content\/uploads\/2025\/03\/mockup-video-CAT-1.webp\" alt=\"\" title=\"mockup-video-CAT\"\/><\/figure>\n\n\n<div class=\"gb-button-wrapper gb-button-wrapper-8cbe884c\">\n\n<a class=\"gb-button gb-button-a19db4a6 gb-button-text\" href=\"https:\/\/www.youtube.com\/watch?v=0-zi8Oy4HCY\" target=\"_blank\" rel=\"noopener noreferrer\">veure<\/a>\n\n<\/div>\n<\/div><\/div><\/div>\n<\/div>\n<\/div><\/div>\n<\/div><\/div>\n\n\n<p><\/p>\n","protected":false},"excerpt":{"rendered":"<p>ELS REPTES Les millors propostesguanyar\u00e1n grans premis! Tots junts podem ajudar a construir un m\u00f3n m\u00e9s sostenible. Us apunteu al moviment #HTTMS i accepteu el repte? Entra a la guia interactiva i comen\u00e7a l&#8217;aventura.<\/p>\n","protected":false},"author":1,"featured_media":0,"parent":0,"menu_order":0,"comment_status":"closed","ping_status":"closed","template":"","meta":{"footnotes":""},"class_list":["post-696","page","type-page","status-publish"],"_links":{"self":[{"href":"https:\/\/concursoescolar.portaventuraworld.com\/ca\/wp-json\/wp\/v2\/pages\/696","targetHints":{"allow":["GET"]}}],"collection":[{"href":"https:\/\/concursoescolar.portaventuraworld.com\/ca\/wp-json\/wp\/v2\/pages"}],"about":[{"href":"https:\/\/concursoescolar.portaventuraworld.com\/ca\/wp-json\/wp\/v2\/types\/page"}],"author":[{"embeddable":true,"href":"https:\/\/concursoescolar.portaventuraworld.com\/ca\/wp-json\/wp\/v2\/users\/1"}],"replies":[{"embeddable":true,"href":"https:\/\/concursoescolar.portaventuraworld.com\/ca\/wp-json\/wp\/v2\/comments?post=696"}],"version-history":[{"count":37,"href":"https:\/\/concursoescolar.portaventuraworld.com\/ca\/wp-json\/wp\/v2\/pages\/696\/revisions"}],"predecessor-version":[{"id":2437,"href":"https:\/\/concursoescolar.portaventuraworld.com\/ca\/wp-json\/wp\/v2\/pages\/696\/revisions\/2437"}],"wp:attachment":[{"href":"https:\/\/concursoescolar.portaventuraworld.com\/ca\/wp-json\/wp\/v2\/media?parent=696"}],"curies":[{"name":"wp","href":"https:\/\/api.w.org\/{rel}","templated":true}]}}