{"id":695,"date":"2022-10-04T13:13:58","date_gmt":"2022-10-04T11:13:58","guid":{"rendered":"https:\/\/concursoescolar.portaventuraworld.com\/inscribite\/"},"modified":"2025-10-17T09:01:03","modified_gmt":"2025-10-17T07:01:03","slug":"inscribete","status":"publish","type":"page","link":"https:\/\/concursoescolar.portaventuraworld.com\/ca\/inscribete\/","title":{"rendered":"Inscriu-te"},"content":{"rendered":"<div class=\"gb-container gb-container-e2696053\"><div class=\"gb-inside-container\">\n<div class=\"gb-grid-wrapper gb-grid-wrapper-70023bb8\">\n<div class=\"gb-grid-column gb-grid-column-ced47a26\"><div class=\"gb-container gb-container-ced47a26\"><div class=\"gb-inside-container\">\n\n<h3 class=\"gb-headline gb-headline-e00e6f19 gb-headline-text\">Inscriu al teu centre educatiu i classe en el concurs escolar &#8220;<mark class=\"gb-highlight\"><mark style=\"background-color:var(--green)\" class=\"has-inline-color has-base-color\"><strong> Fes el teu m\u00f3n m\u00e9s sostenible <\/strong><\/mark><\/mark>&#8221; de <strong>PortAventura World<\/strong> completant el seg\u00fcent formulari, i comen\u00e7a l&#8217;aventura amb el teu alumnat.<br><br>Rebr\u00e0s gratu\u00eftament al teu correu electr\u00f2nic la &#8220;<strong>Guia del docent<\/strong>&#8221; i el &#8220;<strong>Pas a pas<\/strong>&#8220;, t&#8217;assessorarem durant la teva participaci\u00f3 i t&#8217;informarem de totes les novetats del concurs.<\/h3>\n\n<\/div><\/div><\/div>\n\n<div class=\"gb-grid-column gb-grid-column-f6b315a3\"><div class=\"gb-container gb-container-f6b315a3\"><div class=\"gb-inside-container\">\n<div class=\"gb-container gb-container-7006ec4e\"><div class=\"gb-inside-container\">\n\n<figure class=\"gb-block-image gb-block-image-57de14cb\"><img loading=\"lazy\" decoding=\"async\" width=\"2560\" height=\"1707\" class=\"gb-image gb-image-57de14cb\" src=\"https:\/\/concursoescolar.portaventuraworld.com\/wp-content\/uploads\/2022\/10\/close-up-kids-with-magnifying-glass-1-scaled.jpg\" alt=\"\" title=\"close-up-kids-with-magnifying-glass-1\" srcset=\"https:\/\/concursoescolar.portaventuraworld.com\/wp-content\/uploads\/2022\/10\/close-up-kids-with-magnifying-glass-1-scaled.jpg 2560w, https:\/\/concursoescolar.portaventuraworld.com\/wp-content\/uploads\/2022\/10\/close-up-kids-with-magnifying-glass-1-300x200.jpg 300w, https:\/\/concursoescolar.portaventuraworld.com\/wp-content\/uploads\/2022\/10\/close-up-kids-with-magnifying-glass-1-1024x683.jpg 1024w, https:\/\/concursoescolar.portaventuraworld.com\/wp-content\/uploads\/2022\/10\/close-up-kids-with-magnifying-glass-1-768x512.jpg 768w, https:\/\/concursoescolar.portaventuraworld.com\/wp-content\/uploads\/2022\/10\/close-up-kids-with-magnifying-glass-1-1536x1024.jpg 1536w, https:\/\/concursoescolar.portaventuraworld.com\/wp-content\/uploads\/2022\/10\/close-up-kids-with-magnifying-glass-1-2048x1365.jpg 2048w\" sizes=\"auto, (max-width: 2560px) 100vw, 2560px\" \/><\/figure>\n\n<\/div><\/div>\n<\/div><\/div><\/div>\n<\/div>\n<\/div><\/div>\n\n<div class=\"gb-container gb-container-6d6d7e3d alignfull\"><div class=\"gb-inside-container\">\n\n<h2 class=\"gb-headline gb-headline-6624090b gb-headline-text d-none\">La <strong>III<\/strong> edici\u00f3 del concurs ha finalitzat: <br>tornarem l&#8217;octubre del 2025!<\/h2>\n\n\n<div class=\"wpforms-container wpforms-container-full wpforms-block wpforms-block-e663cb5e-4ee2-49af-9da7-67159283eed6\" id=\"wpforms-1845\"><form id=\"wpforms-form-1845\" class=\"wpforms-validate wpforms-form wpforms-ajax-form\" data-formid=\"1845\" method=\"post\" enctype=\"multipart\/form-data\" action=\"\/ca\/wp-json\/wp\/v2\/pages\/695\" data-token=\"4c0fb5e900d06a096529bf6e42cb1d92\" data-token-time=\"1778766648\"><noscript class=\"wpforms-error-noscript\">Activeu el JavaScript al navegador per a poder completar el formulari.<\/noscript><div class=\"wpforms-field-container\"><div id=\"wpforms-1845-field_1-container\" class=\"wpforms-field wpforms-field-text wpforms-one-half wpforms-first\" data-field-id=\"1\"><label class=\"wpforms-field-label\" for=\"wpforms-1845-field_1\">CENTRE <span class=\"wpforms-required-label\">*<\/span><\/label><input type=\"text\" id=\"wpforms-1845-field_1\" class=\"wpforms-field-large wpforms-field-required\" name=\"wpforms[fields][1]\" required><\/div><div id=\"wpforms-1845-field_2-container\" class=\"wpforms-field wpforms-field-text wpforms-one-half\" data-field-id=\"2\"><label class=\"wpforms-field-label\" for=\"wpforms-1845-field_2\">TEL\u00c8FON DEL CENTRE <span class=\"wpforms-required-label\">*<\/span><\/label><input type=\"text\" id=\"wpforms-1845-field_2\" class=\"wpforms-field-large wpforms-field-required\" name=\"wpforms[fields][2]\" required><\/div><div id=\"wpforms-1845-field_3-container\" class=\"wpforms-field wpforms-field-text wpforms-one-half wpforms-first\" data-field-id=\"3\"><label class=\"wpforms-field-label\" for=\"wpforms-1845-field_3\">ADRE\u00c7A <span class=\"wpforms-required-label\">*<\/span><\/label><input type=\"text\" id=\"wpforms-1845-field_3\" class=\"wpforms-field-large wpforms-field-required\" name=\"wpforms[fields][3]\" required><\/div><div id=\"wpforms-1845-field_4-container\" class=\"wpforms-field wpforms-field-text wpforms-one-half\" data-field-id=\"4\"><label class=\"wpforms-field-label\" for=\"wpforms-1845-field_4\">NOM I COGNOMS DOCENT <span class=\"wpforms-required-label\">*<\/span><\/label><input type=\"text\" id=\"wpforms-1845-field_4\" class=\"wpforms-field-large wpforms-field-required\" name=\"wpforms[fields][4]\" required><\/div><div id=\"wpforms-1845-field_5-container\" class=\"wpforms-field wpforms-field-text wpforms-one-half wpforms-first\" data-field-id=\"5\"><label class=\"wpforms-field-label\" for=\"wpforms-1845-field_5\">CODI POSTAL <span class=\"wpforms-required-label\">*<\/span><\/label><input type=\"text\" id=\"wpforms-1845-field_5\" class=\"wpforms-field-large wpforms-field-required\" name=\"wpforms[fields][5]\" required><\/div><div id=\"wpforms-1845-field_6-container\" class=\"wpforms-field wpforms-field-email wpforms-one-half\" data-field-id=\"6\"><label class=\"wpforms-field-label\" for=\"wpforms-1845-field_6\">EMAIL DE CONTACTE <span class=\"wpforms-required-label\">*<\/span><\/label><input type=\"email\" id=\"wpforms-1845-field_6\" class=\"wpforms-field-large wpforms-field-required\" name=\"wpforms[fields][6]\" spellcheck=\"false\" required><\/div><div id=\"wpforms-1845-field_8-container\" class=\"wpforms-field wpforms-field-text wpforms-one-half wpforms-first\" data-field-id=\"8\"><label class=\"wpforms-field-label\" for=\"wpforms-1845-field_8\">POBLACI\u00d3 <span class=\"wpforms-required-label\">*<\/span><\/label><input type=\"text\" id=\"wpforms-1845-field_8\" class=\"wpforms-field-large wpforms-field-required\" name=\"wpforms[fields][8]\" required><\/div><div id=\"wpforms-1845-field_10-container\" class=\"wpforms-field wpforms-field-text wpforms-one-half\" data-field-id=\"10\"><label class=\"wpforms-field-label\" for=\"wpforms-1845-field_10\">PROV\u00cdNCIA <span class=\"wpforms-required-label\">*<\/span><\/label><input type=\"text\" id=\"wpforms-1845-field_10\" class=\"wpforms-field-large wpforms-field-required\" name=\"wpforms[fields][10]\" required><\/div><div id=\"wpforms-1845-field_9-container\" class=\"wpforms-field wpforms-field-text wpforms-one-half wpforms-first\" data-field-id=\"9\"><label class=\"wpforms-field-label\" for=\"wpforms-1845-field_9\">CURSOS I NOMBRE DE CLASSES PARTICIPANTS <span class=\"wpforms-required-label\">*<\/span><\/label><input type=\"text\" id=\"wpforms-1845-field_9\" class=\"wpforms-field-large wpforms-field-required\" name=\"wpforms[fields][9]\" required><div class=\"wpforms-field-description\">(Ex: 5\u00e8 amb 3 classes i 6\u00e8 amb 2 classes)<\/div><\/div><div id=\"wpforms-1845-field_11-container\" class=\"wpforms-field wpforms-field-text wpforms-one-half\" data-field-id=\"11\"><label class=\"wpforms-field-label\" for=\"wpforms-1845-field_11\">QUANTS ALUMNES VOLS INSCRIURE? <span class=\"wpforms-required-label\">*<\/span><\/label><input type=\"text\" id=\"wpforms-1845-field_11\" class=\"wpforms-field-large wpforms-field-required\" name=\"wpforms[fields][11]\" required><\/div><div id=\"wpforms-1845-field_17-container\" class=\"wpforms-field wpforms-field-checkbox\" data-field-id=\"17\"><label class=\"wpforms-field-label wpforms-label-hide\">INFO<\/label><ul id=\"wpforms-1845-field_17\"><li class=\"choice-1 depth-1\"><input type=\"checkbox\" id=\"wpforms-1845-field_17_1\" name=\"wpforms[fields][17][]\" value=\"ACCEPTO rebre informaci\u00f3 comercial exclusiva per a escoles de PortAventura World pels mitjans indicats en aquest formulari.\"  ><label class=\"wpforms-field-label-inline\" for=\"wpforms-1845-field_17_1\">ACCEPTO rebre informaci\u00f3 comercial exclusiva per a escoles de PortAventura World pels mitjans indicats en aquest formulari.<\/label><\/li><\/ul><\/div><div id=\"wpforms-1845-field_13-container\" class=\"wpforms-field wpforms-field-checkbox\" data-field-id=\"13\"><label class=\"wpforms-field-label wpforms-label-hide\">Dades <span class=\"wpforms-required-label\">*<\/span><\/label><ul id=\"wpforms-1845-field_13\" class=\"wpforms-field-required\"><li class=\"choice-1 depth-1\"><input type=\"checkbox\" id=\"wpforms-1845-field_13_1\" name=\"wpforms[fields][13][]\" value=\"Autoritzo a Port Aventura Entertainment, S.A.U. al tractament de les seves dades personals amb la finalitat de gestionar la seva participaci\u00f3 en el concurs. Aix\u00ed mateix, cedeix els drets d&#039;imatge i\/o veu que poguessin correspondre&#039;ls dels enregistraments i produccions sonores, audiovisuals i\/o fotogr\u00e0fiques realitzades com a conseq\u00fc\u00e8ncia de la seva participaci\u00f3 en aquest, amb la finalitat de gestionar la seva participaci\u00f3, publicitat i resultats del concurs, en els termes indicats a les bases legals daquest. Tot aix\u00f2 amb l&#039;\u00fanica excepci\u00f3 i limitaci\u00f3 d&#039;aquelles utilitzacions o aplicacions que poguessin atemptar el dret a l&#039;honor en els termes previstos a la Llei Org\u00e0nica 1\/1982, de 5 de maig, de protecci\u00f3 civil al dret a l&#039;honor, la intimitat personal i familiar ia la pr\u00f2pia imatge.\" required ><label class=\"wpforms-field-label-inline\" for=\"wpforms-1845-field_13_1\">Autoritzo a Port Aventura Entertainment, S.A.U. al tractament de les seves dades personals amb la finalitat de gestionar la seva participaci\u00f3 en el concurs. Aix\u00ed mateix, cedeix els drets d&#8217;imatge i\/o veu que poguessin correspondre&#8217;ls dels enregistraments i produccions sonores, audiovisuals i\/o fotogr\u00e0fiques realitzades com a conseq\u00fc\u00e8ncia de la seva participaci\u00f3 en aquest, amb la finalitat de gestionar la seva participaci\u00f3, publicitat i resultats del concurs, en els termes indicats a les bases legals daquest. Tot aix\u00f2 amb l&#8217;\u00fanica excepci\u00f3 i limitaci\u00f3 d&#8217;aquelles utilitzacions o aplicacions que poguessin atemptar el dret a l&#8217;honor en els termes previstos a la Llei Org\u00e0nica 1\/1982, de 5 de maig, de protecci\u00f3 civil al dret a l&#8217;honor, la intimitat personal i familiar ia la pr\u00f2pia imatge.<\/label><\/li><\/ul><div class=\"wpforms-field-description\">Informaci\u00f3 b\u00e0sica sobre el tractament de dades (Reglament (UE) 2016\/679 i LO 3\/2018). Responsable del tractament: Port Aventura Entertainment, S.A.U. Finalitat: Gestionar la teva participaci\u00f3 al concurs i enviar-te informaci\u00f3 comercial sobre els productes i serveis de PortAventura World, en el cas que hagis consentit expressament. Legitimaci\u00f3: Consentiment de linteressat. Destinataris: Les dades no se cediran a tercers tret que ho exigeixi una llei o sigui necessari per complir amb la finalitat del tractament. Drets: Accedir, rectificar i suprimir dades, aix\u00ed com la resta que s&#8217;expliquen a la pol\u00edtica de protecci\u00f3 de dades. <a href=\"https:\/\/concursoescolar.portaventuraworld.com\/politica-de-privacidad\/\">M\u00e9s informaci\u00f3 a la nostra pol\u00edtica de protecci\u00f3 de dades<\/a><\/div><\/div><\/div><!-- .wpforms-field-container --><div class=\"wpforms-submit-container\" ><input type=\"hidden\" name=\"wpforms[id]\" value=\"1845\"><input type=\"hidden\" name=\"page_title\" value=\"\"><input type=\"hidden\" name=\"page_url\" value=\"https:\/\/concursoescolar.portaventuraworld.com\/ca\/wp-json\/wp\/v2\/pages\/695\"><input type=\"hidden\" name=\"url_referer\" value=\"\"><button type=\"submit\" name=\"wpforms[submit]\" id=\"wpforms-submit-1845\" class=\"wpforms-submit wpf-center\" data-alt-text=\"Enviando...\" data-submit-text=\"Enviar\" aria-live=\"assertive\" value=\"wpforms-submit\">Enviar<\/button><img loading=\"lazy\" decoding=\"async\" src=\"https:\/\/concursoescolar.portaventuraworld.com\/wp-content\/plugins\/wpforms-lite\/assets\/images\/submit-spin.svg\" class=\"wpforms-submit-spinner\" style=\"display: none;\" width=\"26\" height=\"26\" alt=\"S&#039;est\u00e0 carregant\"><\/div><\/form><\/div>  <!-- .wpforms-container -->\n<\/div><\/div>\n\n<div class=\"gb-container gb-container-349b7ef6\" id=\"contacte\"><div class=\"gb-inside-container\">\n\n<h2 class=\"gb-headline gb-headline-eff2c23a gb-headline-text\" id=\"contacto\">DADES DE CONTACTE<\/h2>\n\n\n\n<p class=\"gb-headline gb-headline-f1b84dfb gb-headline-text\">Pots posar-te en contacte amb nosaltres:<\/p>\n\n\n\n<p class=\"gb-headline gb-headline-2114561e gb-headline-text\"><a href=\"mailto:concursoescolar@portaventura.es\">concursoescolar@portaventura.es<\/a><\/p>\n\n\n\n<p class=\"gb-headline gb-headline-45121942 gb-headline-text\">(+34) 678 313 295<\/p>\n\n\n\n<p class=\"gb-headline gb-headline-a00fa006 gb-headline-text\">de dilluns a divendres de 9h a 17h<\/p>\n\n<\/div><\/div>","protected":false},"excerpt":{"rendered":"<p>La III edici\u00f3 del concurs ha finalitzat: tornarem l&#8217;octubre del 2025! DADES DE CONTACTE Pots posar-te en contacte amb nosaltres: concursoescolar@portaventura.es (+34) 678 313 295 de dilluns a divendres de 9h a 17h<\/p>\n","protected":false},"author":1,"featured_media":0,"parent":0,"menu_order":0,"comment_status":"closed","ping_status":"closed","template":"","meta":{"footnotes":""},"class_list":["post-695","page","type-page","status-publish"],"_links":{"self":[{"href":"https:\/\/concursoescolar.portaventuraworld.com\/ca\/wp-json\/wp\/v2\/pages\/695","targetHints":{"allow":["GET"]}}],"collection":[{"href":"https:\/\/concursoescolar.portaventuraworld.com\/ca\/wp-json\/wp\/v2\/pages"}],"about":[{"href":"https:\/\/concursoescolar.portaventuraworld.com\/ca\/wp-json\/wp\/v2\/types\/page"}],"author":[{"embeddable":true,"href":"https:\/\/concursoescolar.portaventuraworld.com\/ca\/wp-json\/wp\/v2\/users\/1"}],"replies":[{"embeddable":true,"href":"https:\/\/concursoescolar.portaventuraworld.com\/ca\/wp-json\/wp\/v2\/comments?post=695"}],"version-history":[{"count":21,"href":"https:\/\/concursoescolar.portaventuraworld.com\/ca\/wp-json\/wp\/v2\/pages\/695\/revisions"}],"predecessor-version":[{"id":2390,"href":"https:\/\/concursoescolar.portaventuraworld.com\/ca\/wp-json\/wp\/v2\/pages\/695\/revisions\/2390"}],"wp:attachment":[{"href":"https:\/\/concursoescolar.portaventuraworld.com\/ca\/wp-json\/wp\/v2\/media?parent=695"}],"curies":[{"name":"wp","href":"https:\/\/api.w.org\/{rel}","templated":true}]}}