{"id":2385,"date":"2025-10-17T08:52:57","date_gmt":"2025-10-17T06:52:57","guid":{"rendered":"https:\/\/concursoescolar.portaventuraworld.com\/premis-2\/"},"modified":"2025-11-20T16:27:07","modified_gmt":"2025-11-20T15:27:07","slug":"premis-2","status":"publish","type":"page","link":"https:\/\/concursoescolar.portaventuraworld.com\/ca\/premis-2\/","title":{"rendered":"Premis"},"content":{"rendered":"<div class=\"gb-container gb-container-8dc4840f alignfull\"><div class=\"gb-inside-container\">\n<div class=\"gb-grid-wrapper gb-grid-wrapper-640c7e32\">\n<div class=\"gb-grid-column gb-grid-column-52939538\"><div class=\"gb-container gb-container-52939538 global_header_left\"><div class=\"gb-inside-container\"><\/div><\/div><\/div>\n\n<div class=\"gb-grid-column gb-grid-column-d7f652c7\"><div class=\"gb-container gb-container-d7f652c7\"><div class=\"gb-inside-container\">\n\n<h2 class=\"gb-headline gb-headline-66b25421 gb-headline-text\">Fer el teu m\u00f3n m\u00e9s sostenible t\u00e9 premi!<\/h2>\n\n<\/div><\/div><\/div>\n\n<div class=\"gb-grid-column gb-grid-column-6b40d75b\"><div class=\"gb-container gb-container-6b40d75b global_header_right\"><div class=\"gb-inside-container\"><\/div><\/div><\/div>\n<\/div>\n<\/div><\/div>\n\n<div class=\"gb-container gb-container-1aabc667 hightlight-block alignfull\"><div class=\"gb-inside-container\">\n<div class=\"gb-grid-wrapper gb-grid-wrapper-4daa3d1f\">\n<div class=\"gb-grid-column gb-grid-column-e060edd2\"><div class=\"gb-container gb-container-e060edd2\"><div class=\"gb-inside-container\">\n\n<h2 class=\"gb-headline gb-headline-90babb15 gb-headline-text gb-headline-66b25421\">Fes el teu m\u00f3n m\u00e9s sostenible t\u00e9 premi!<\/h2>\n\n\n\n<p class=\"gb-headline gb-headline-9edc3a3b gb-headline-text\">Com a premi, l\u2019alumnat integrant del grup guanyador, acompanyat de dos docents, gaudir\u00e0 d\u2019una estada completa a PortAventura World durant un cap de setmana a finals de curs.<\/p>\n\n<\/div><\/div><\/div>\n<\/div>\n<\/div><\/div>\n\n<div class=\"gb-container gb-container-892fe533\">\n\n<figure class=\"wp-block-image size-large\"><img loading=\"lazy\" decoding=\"async\" width=\"1024\" height=\"575\" src=\"https:\/\/concursoescolar.portaventuraworld.com\/wp-content\/uploads\/2025\/10\/PREMIS-CAT-1024x575.png\" alt=\"\" class=\"wp-image-2396\" srcset=\"https:\/\/concursoescolar.portaventuraworld.com\/wp-content\/uploads\/2025\/10\/PREMIS-CAT-1024x575.png 1024w, https:\/\/concursoescolar.portaventuraworld.com\/wp-content\/uploads\/2025\/10\/PREMIS-CAT-500x281.png 500w, https:\/\/concursoescolar.portaventuraworld.com\/wp-content\/uploads\/2025\/10\/PREMIS-CAT-768x431.png 768w, https:\/\/concursoescolar.portaventuraworld.com\/wp-content\/uploads\/2025\/10\/PREMIS-CAT.png 1081w\" sizes=\"auto, (max-width: 1024px) 100vw, 1024px\" \/><\/figure>\n\n\n\n<div style=\"height:48px\" aria-hidden=\"true\" class=\"wp-block-spacer\"><\/div>\n\n\n\n<h2 class=\"wp-block-heading\" style=\"font-size:26px\">Per\u00f2 aix\u00f2 no \u00e9s tot!<\/h2>\n\n\n\n<p>Volem que les idees dels alumnes i alumnes participants es converteixin en accions amb un impacte mediambiental real en el seu entorn. Per aix\u00f2, els centres educatius dels grups guanyadors rebran un premi de 1.000 \u20ac destinat al finan\u00e7ament de la posada en marxa de la iniciativa dels seus alumnes.<\/p>\n\n\n\n<div style=\"height:48px\" aria-hidden=\"true\" class=\"wp-block-spacer\"><\/div>\n\n<\/div>\n\n<div class=\"gb-container gb-container-7ee5cd29\"><div class=\"gb-inside-container\">\n<div class=\"gb-grid-wrapper gb-grid-wrapper-19ee0cc5\">\n<div class=\"gb-grid-column gb-grid-column-c33c9605\"><div class=\"gb-container gb-container-c33c9605\"><div class=\"gb-inside-container\">\n\n<figure class=\"gb-block-image gb-block-image-72f6fa4a\"><img loading=\"lazy\" decoding=\"async\" width=\"1024\" height=\"683\" class=\"gb-image gb-image-72f6fa4a\" src=\"https:\/\/concursoescolar.portaventuraworld.com\/wp-content\/uploads\/2022\/10\/PAP-SA_ATR_TAM_ONR_0615_011-1024x683.jpg\" alt=\"\" title=\"PAP-SA_ATR_TAM_ONR_0615_011\" srcset=\"https:\/\/concursoescolar.portaventuraworld.com\/wp-content\/uploads\/2022\/10\/PAP-SA_ATR_TAM_ONR_0615_011-1024x683.jpg 1024w, https:\/\/concursoescolar.portaventuraworld.com\/wp-content\/uploads\/2022\/10\/PAP-SA_ATR_TAM_ONR_0615_011-300x200.jpg 300w, https:\/\/concursoescolar.portaventuraworld.com\/wp-content\/uploads\/2022\/10\/PAP-SA_ATR_TAM_ONR_0615_011-768x512.jpg 768w, https:\/\/concursoescolar.portaventuraworld.com\/wp-content\/uploads\/2022\/10\/PAP-SA_ATR_TAM_ONR_0615_011-1536x1024.jpg 1536w, https:\/\/concursoescolar.portaventuraworld.com\/wp-content\/uploads\/2022\/10\/PAP-SA_ATR_TAM_ONR_0615_011.jpg 1600w\" sizes=\"auto, (max-width: 1024px) 100vw, 1024px\" \/><\/figure>\n\n<\/div><\/div><\/div>\n\n<div class=\"gb-grid-column gb-grid-column-ede2844d\"><div class=\"gb-container gb-container-ede2844d\"><div class=\"gb-inside-container\">\n\n<figure class=\"gb-block-image gb-block-image-24a1bac0\"><img loading=\"lazy\" decoding=\"async\" width=\"1024\" height=\"683\" class=\"gb-image gb-image-24a1bac0\" src=\"https:\/\/concursoescolar.portaventuraworld.com\/wp-content\/uploads\/2022\/10\/iStock-157719429-1024x683.jpg\" alt=\"\" title=\"157719429\" srcset=\"https:\/\/concursoescolar.portaventuraworld.com\/wp-content\/uploads\/2022\/10\/iStock-157719429-1024x683.jpg 1024w, https:\/\/concursoescolar.portaventuraworld.com\/wp-content\/uploads\/2022\/10\/iStock-157719429-300x200.jpg 300w, https:\/\/concursoescolar.portaventuraworld.com\/wp-content\/uploads\/2022\/10\/iStock-157719429-768x512.jpg 768w, https:\/\/concursoescolar.portaventuraworld.com\/wp-content\/uploads\/2022\/10\/iStock-157719429-1536x1024.jpg 1536w, https:\/\/concursoescolar.portaventuraworld.com\/wp-content\/uploads\/2022\/10\/iStock-157719429.jpg 1600w\" sizes=\"auto, (max-width: 1024px) 100vw, 1024px\" \/><\/figure><br>\n\n<\/div><\/div><\/div>\n<\/div>\n<\/div><\/div>\n\n<div class=\"gb-container gb-container-c7b2a00c alignfull\"><div class=\"gb-inside-container\">\n<div class=\"gb-container gb-container-ec23d338\"><div class=\"gb-inside-container\">\n<div class=\"gb-grid-wrapper gb-grid-wrapper-a7bd609f\">\n<div class=\"gb-grid-column gb-grid-column-7a88b847\"><div class=\"gb-container gb-container-7a88b847\"><div class=\"gb-inside-container\">\n\n<h2 class=\"gb-headline gb-headline-dd90eaad gb-headline-text\">Vols con\u00e8ixer els requisits per participar en el concurs?<\/h2>\n\n\n<div class=\"gb-button-wrapper gb-button-wrapper-5dee0e80\">\n\n<a class=\"gb-button gb-button-258c40ee gb-button-text\" href=\"\/materiales\/basesconcurso_cat.pdf\" target=\"_blank\" rel=\"noopener noreferrer\">DESCARREGA LES BASES LEGALS<\/a>\n\n\n\n<a class=\"gb-button gb-button-b5ffc50b gb-button-text\" href=\"\/materiales\/autorizacion_cat.pdf\" target=\"_blank\" rel=\"noopener noreferrer\">DESCARREGA l\u2019autoritzaci\u00f3<\/a>\n\n<\/div>\n<\/div><\/div><\/div>\n\n<div class=\"gb-grid-column gb-grid-column-a45d654d\"><div class=\"gb-container gb-container-a45d654d\"><div class=\"gb-inside-container\">\n\n<figure class=\"gb-block-image gb-block-image-09295641\"><img decoding=\"async\" class=\"gb-image gb-image-09295641\" src=\"https:\/\/concursoescolar.portaventuraworld.com\/wp-content\/uploads\/2024\/10\/mockup-bases_legales-24_25-CAT.png\" alt=\"\" title=\"mockup-bases_legales-24_25-CAT\"\/><\/figure>\n\n<\/div><\/div><\/div>\n<\/div>\n<\/div><\/div>\n<\/div><\/div>\n\n<div class=\"gb-container gb-container-3dd43d66 hightlight-block alignfull\"><div class=\"gb-inside-container\">\n<div class=\"gb-grid-wrapper gb-grid-wrapper-a9377844\">\n<div class=\"gb-grid-column gb-grid-column-1658fe28\"><div class=\"gb-container gb-container-1658fe28\"><div class=\"gb-inside-container\">\n<div class=\"gb-container gb-container-ab98dd10\"><div class=\"gb-inside-container\">\n\n<figure class=\"gb-block-image gb-block-image-e6ab488f\"><img loading=\"lazy\" decoding=\"async\" width=\"795\" height=\"1096\" class=\"gb-image gb-image-e6ab488f\" src=\"https:\/\/concursoescolar.portaventuraworld.com\/wp-content\/uploads\/2023\/04\/trofeo.jpeg\" alt=\"\" title=\"trofeu\" srcset=\"https:\/\/concursoescolar.portaventuraworld.com\/wp-content\/uploads\/2023\/04\/trofeo.jpeg 795w, https:\/\/concursoescolar.portaventuraworld.com\/wp-content\/uploads\/2023\/04\/trofeo-363x500.jpeg 363w, https:\/\/concursoescolar.portaventuraworld.com\/wp-content\/uploads\/2023\/04\/trofeo-743x1024.jpeg 743w, https:\/\/concursoescolar.portaventuraworld.com\/wp-content\/uploads\/2023\/04\/trofeo-768x1059.jpeg 768w\" sizes=\"auto, (max-width: 795px) 100vw, 795px\" \/><\/figure>\n\n<\/div><\/div>\n<\/div><\/div><\/div>\n\n<div class=\"gb-grid-column gb-grid-column-843ab718\"><div class=\"gb-container gb-container-843ab718\"><div class=\"gb-inside-container\">\n\n<h2 class=\"gb-headline gb-headline-d89d15de gb-headline-text\">En la tercera edici\u00f3 vam rebre <mark style=\"background-color:var(--base)\" class=\"has-inline-color has-green-lemon-color\">m\u00e9s de 130 propostes<\/mark> d\u2019acci\u00f3 amb impacte mediambiental positiu en el vostre entorn m\u00e9s proper, totes molt creatives i originals!<\/h2>\n\n\n\n<p class=\"gb-headline gb-headline-93d5dabc gb-headline-text\"><br><\/p>\n\n<\/div><\/div><\/div>\n<\/div>\n<\/div><\/div>\n\n<div class=\"gb-container gb-container-64a5ada8\"><div class=\"gb-inside-container\">\n\n<h2 class=\"gb-headline gb-headline-68bca6bf gb-headline-text\">Participa en la IV edici\u00f3 i guanya fant\u00e0stics premis juntament amb el teu centre educatiu! Esperem les vostres propostes!<\/h2>\n\n<\/div><\/div>","protected":false},"excerpt":{"rendered":"<p>Per\u00f2 aix\u00f2 no \u00e9s tot! Volem que les idees dels alumnes i alumnes participants es converteixin en accions amb un impacte mediambiental real en el seu entorn. Per aix\u00f2, els centres educatius dels grups guanyadors rebran un premi de 1.000 \u20ac destinat al finan\u00e7ament de la posada en marxa de la iniciativa dels seus alumnes. &#8230; <a title=\"Premis\" class=\"read-more\" href=\"https:\/\/concursoescolar.portaventuraworld.com\/ca\/premis-2\/\" aria-label=\"M\u00e9s informaci\u00f3 sobre Premis\">Llegiu m\u00e9s<\/a><\/p>\n","protected":false},"author":1,"featured_media":0,"parent":0,"menu_order":0,"comment_status":"closed","ping_status":"closed","template":"","meta":{"footnotes":""},"class_list":["post-2385","page","type-page","status-publish"],"_links":{"self":[{"href":"https:\/\/concursoescolar.portaventuraworld.com\/ca\/wp-json\/wp\/v2\/pages\/2385","targetHints":{"allow":["GET"]}}],"collection":[{"href":"https:\/\/concursoescolar.portaventuraworld.com\/ca\/wp-json\/wp\/v2\/pages"}],"about":[{"href":"https:\/\/concursoescolar.portaventuraworld.com\/ca\/wp-json\/wp\/v2\/types\/page"}],"author":[{"embeddable":true,"href":"https:\/\/concursoescolar.portaventuraworld.com\/ca\/wp-json\/wp\/v2\/users\/1"}],"replies":[{"embeddable":true,"href":"https:\/\/concursoescolar.portaventuraworld.com\/ca\/wp-json\/wp\/v2\/comments?post=2385"}],"version-history":[{"count":3,"href":"https:\/\/concursoescolar.portaventuraworld.com\/ca\/wp-json\/wp\/v2\/pages\/2385\/revisions"}],"predecessor-version":[{"id":2439,"href":"https:\/\/concursoescolar.portaventuraworld.com\/ca\/wp-json\/wp\/v2\/pages\/2385\/revisions\/2439"}],"wp:attachment":[{"href":"https:\/\/concursoescolar.portaventuraworld.com\/ca\/wp-json\/wp\/v2\/media?parent=2385"}],"curies":[{"name":"wp","href":"https:\/\/api.w.org\/{rel}","templated":true}]}}