{"id":1524,"date":"2024-10-15T18:13:53","date_gmt":"2024-10-15T16:13:53","guid":{"rendered":"https:\/\/concursoescolar.portaventuraworld.com\/?page_id=1524"},"modified":"2025-11-20T16:23:05","modified_gmt":"2025-11-20T15:23:05","slug":"home-concurs-actiu","status":"publish","type":"page","link":"https:\/\/concursoescolar.portaventuraworld.com\/ca\/","title":{"rendered":"Home Concurs Actiu"},"content":{"rendered":"<div class=\"gb-container gb-container-799386b4 alignfull\"><div class=\"gb-inside-container\">\n<div class=\"gb-grid-wrapper gb-grid-wrapper-640c7e32\">\n<div class=\"gb-grid-column gb-grid-column-52939538\"><div class=\"gb-container gb-container-52939538\"><div class=\"gb-inside-container\"><\/div><\/div><\/div>\n\n<div class=\"gb-grid-column gb-grid-column-d7f652c7\"><div class=\"gb-container gb-container-d7f652c7\"><div class=\"gb-inside-container\">\n\n<figure class=\"gb-block-image gb-block-image-26cf4419\"><img loading=\"lazy\" decoding=\"async\" width=\"835\" height=\"931\" class=\"gb-image gb-image-26cf4419\" src=\"https:\/\/concursoescolar.portaventuraworld.com\/wp-content\/uploads\/2025\/10\/PortAventura-World_COLOR_FONDO_CLARO-copia.png\" alt=\"\" title=\"PortAventura World_COLOR_FONDO_CLARO - copia\" srcset=\"https:\/\/concursoescolar.portaventuraworld.com\/wp-content\/uploads\/2025\/10\/PortAventura-World_COLOR_FONDO_CLARO-copia.png 835w, https:\/\/concursoescolar.portaventuraworld.com\/wp-content\/uploads\/2025\/10\/PortAventura-World_COLOR_FONDO_CLARO-copia-448x500.png 448w, https:\/\/concursoescolar.portaventuraworld.com\/wp-content\/uploads\/2025\/10\/PortAventura-World_COLOR_FONDO_CLARO-copia-768x856.png 768w\" sizes=\"auto, (max-width: 835px) 100vw, 835px\" \/><\/figure>\n\n\n\n<figure class=\"gb-block-image gb-block-image-768a8ab3\"><img decoding=\"async\" class=\"gb-image gb-image-768a8ab3\" src=\"https:\/\/concursoescolar.portaventuraworld.com\/wp-content\/uploads\/2025\/09\/Logo-concurso-PAW-25_26-CAT-V.svg\" alt=\"\" title=\"Logo-concurso-PAW-25_26-CAT-V\"\/><\/figure>\n\n<\/div><\/div><\/div>\n\n<div class=\"gb-grid-column gb-grid-column-6b40d75b\"><div class=\"gb-container gb-container-6b40d75b\"><div class=\"gb-inside-container\"><\/div><\/div><\/div>\n<\/div>\n<\/div><\/div>\n\n<div class=\"gb-container gb-container-77bd40ad\"><div class=\"gb-inside-container\"><\/div><\/div>\n\n<div class=\"gb-container gb-container-e2696053\"><div class=\"gb-inside-container\">\n<div class=\"gb-grid-wrapper gb-grid-wrapper-70023bb8\">\n<div class=\"gb-grid-column gb-grid-column-ced47a26\"><div class=\"gb-container gb-container-ced47a26\"><div class=\"gb-inside-container\">\n\n<h2 class=\"gb-headline gb-headline-aa2a5d7b gb-headline-text\">A PortAventura World creiem que un m\u00f3n m\u00e9s sostenible \u00e9s possible,<\/h2>\n\n\n\n<h3 class=\"gb-headline gb-headline-e00e6f19 gb-headline-text\">i tots hi podem contribuir aportant idees i modificant h\u00e0bits que millorin el nostre entorn. <br><br>Despr\u00e9s de l&#8217;\u00e8xit de les tres primeres edicions, a l&#8217;octubre tornarem a posar en marxa el nostre concurs escolar per escoltar les vostres propostes. No us ho perdeu!<\/h3>\n\n\n\n<h3 class=\"gb-headline gb-headline-a62fe8ea gb-headline-text\"><br><\/h3>\n\n<\/div><\/div><\/div>\n\n<div class=\"gb-grid-column gb-grid-column-f6b315a3\"><div class=\"gb-container gb-container-f6b315a3\"><div class=\"gb-inside-container\">\n<div class=\"gb-container gb-container-7006ec4e\"><div class=\"gb-inside-container\">\n\n<figure class=\"gb-block-image gb-block-image-57de14cb\"><img loading=\"lazy\" decoding=\"async\" width=\"1333\" height=\"1070\" class=\"gb-image gb-image-57de14cb\" src=\"https:\/\/concursoescolar.portaventuraworld.com\/wp-content\/uploads\/2022\/10\/exterior-portrait-kid-world-environment-day-e1665140263970.jpg\" alt=\"\" title=\"exterior-portrait-kid-world-environment-day\" srcset=\"https:\/\/concursoescolar.portaventuraworld.com\/wp-content\/uploads\/2022\/10\/exterior-portrait-kid-world-environment-day-e1665140263970.jpg 1333w, https:\/\/concursoescolar.portaventuraworld.com\/wp-content\/uploads\/2022\/10\/exterior-portrait-kid-world-environment-day-e1665140263970-300x241.jpg 300w, https:\/\/concursoescolar.portaventuraworld.com\/wp-content\/uploads\/2022\/10\/exterior-portrait-kid-world-environment-day-e1665140263970-1024x822.jpg 1024w, https:\/\/concursoescolar.portaventuraworld.com\/wp-content\/uploads\/2022\/10\/exterior-portrait-kid-world-environment-day-e1665140263970-768x616.jpg 768w\" sizes=\"auto, (max-width: 1333px) 100vw, 1333px\" \/><\/figure>\n\n<\/div><\/div>\n<\/div><\/div><\/div>\n<\/div>\n<\/div><\/div>\n\n<div class=\"gb-container gb-container-aaf22d98 alignfull\"><div class=\"gb-inside-container\">\n\n<figure class=\"gb-block-image gb-block-image-ecdd41c3\"><img loading=\"lazy\" decoding=\"async\" width=\"300\" height=\"79\" class=\"gb-image gb-image-ecdd41c3\" src=\"https:\/\/concursoescolar.portaventuraworld.com\/wp-content\/uploads\/2022\/10\/bg-plants-300x79.png\" alt=\"\" title=\"bg-plants\" srcset=\"https:\/\/concursoescolar.portaventuraworld.com\/wp-content\/uploads\/2022\/10\/bg-plants-300x79.png 300w, https:\/\/concursoescolar.portaventuraworld.com\/wp-content\/uploads\/2022\/10\/bg-plants.png 500w\" sizes=\"auto, (max-width: 300px) 100vw, 300px\" \/><\/figure>\n\n\n\n<h2 class=\"gb-headline gb-headline-3840b9b4 gb-headline-text\">S\u00f3n els petits gestos els que inicien grans canvis!<\/h2>\n\n\n\n<h3 class=\"gb-headline gb-headline-34de7c7c gb-headline-text\">Nom\u00e9s cal una bona idea, el vostre treball en equip i una bona dosi d&#8217;il\u00b7lusi\u00f3 per dur a terme projectes que facin el vostre m\u00f3n m\u00e9s sostenible.<\/h3>\n\n<\/div><\/div>\n\n<div class=\"gb-container gb-container-2c81ebef\"><div class=\"gb-inside-container\">\n<div class=\"gb-grid-wrapper gb-grid-wrapper-4897010f\">\n<div class=\"gb-grid-column gb-grid-column-45ee1f53\"><div class=\"gb-container gb-container-45ee1f53\"><div class=\"gb-inside-container\">\n\n<p class=\"gb-headline gb-headline-e9566729 gb-headline-text\">Amb el IV concurs escolar <mark style=\"background-color:rgba(0, 0, 0, 0)\" class=\"has-inline-color has-green-color\"><strong>Fes el teu m\u00f3n m\u00e9s sostenible<\/strong><\/mark> volem continuar incentivant que <strong><mark class=\"gb-highlight\">alumnes de 5\u00e8 i 6\u00e8 de Prim\u00e0ria i 1r i 2n de l&#8217;ESO<\/mark><\/strong> de tot el territori nacional en preneu consci\u00e8ncia i actueu per un desenvolupament sostenible, real i possible a la vostra escola i entorn m\u00e9s proper. Els alumnes, guiats pels vostres professors, desenvolupareu projectes per donar resposta a un dels 5 reptes mediambientals proposats:<\/p>\n\n<\/div><\/div><\/div>\n\n<div class=\"gb-grid-column gb-grid-column-d1a9398a\"><div class=\"gb-container gb-container-d1a9398a\"><div class=\"gb-inside-container\">\n<div class=\"gb-container gb-container-ca61ee4e\"><div class=\"gb-inside-container\">\n\n<figure class=\"gb-block-image gb-block-image-0d98d311\"><img loading=\"lazy\" decoding=\"async\" width=\"2000\" height=\"1333\" class=\"gb-image gb-image-0d98d311\" src=\"https:\/\/concursoescolar.portaventuraworld.com\/wp-content\/uploads\/2022\/10\/close-up-kids-with-magnifying-glass.jpg\" alt=\"\" title=\"close-up-kids-with-magnifying-glass\" srcset=\"https:\/\/concursoescolar.portaventuraworld.com\/wp-content\/uploads\/2022\/10\/close-up-kids-with-magnifying-glass.jpg 2000w, https:\/\/concursoescolar.portaventuraworld.com\/wp-content\/uploads\/2022\/10\/close-up-kids-with-magnifying-glass-300x200.jpg 300w, https:\/\/concursoescolar.portaventuraworld.com\/wp-content\/uploads\/2022\/10\/close-up-kids-with-magnifying-glass-1024x682.jpg 1024w, https:\/\/concursoescolar.portaventuraworld.com\/wp-content\/uploads\/2022\/10\/close-up-kids-with-magnifying-glass-768x512.jpg 768w, https:\/\/concursoescolar.portaventuraworld.com\/wp-content\/uploads\/2022\/10\/close-up-kids-with-magnifying-glass-1536x1024.jpg 1536w\" sizes=\"auto, (max-width: 2000px) 100vw, 2000px\" \/><\/figure>\n\n<\/div><\/div>\n<\/div><\/div><\/div>\n<\/div>\n<\/div><\/div>\n\n<div class=\"gb-container gb-container-3d82c55a\"><div class=\"gb-inside-container\">\n\n<h2 class=\"gb-headline gb-headline-51f9ba42 gb-headline-text\">ELS REPTES<\/h2>\n\n\n<div class=\"gb-container gb-container-ba34fe33\"><div class=\"gb-inside-container\">\n<div class=\"gb-grid-wrapper gb-grid-wrapper-a20f517c\">\n<div class=\"gb-grid-column gb-grid-column-1034ffc9\"><div class=\"gb-container gb-container-1034ffc9\"><div class=\"gb-inside-container\">\n\n<figure class=\"gb-block-image gb-block-image-0b90f3c1\"><img loading=\"lazy\" decoding=\"async\" width=\"224\" height=\"230\" class=\"gb-image gb-image-0b90f3c1\" src=\"https:\/\/concursoescolar.portaventuraworld.com\/wp-content\/uploads\/2022\/10\/ico-enerigias-renovables.png\" alt=\"\" title=\"ico-enerigias-renovables\"\/>\n<h3 class=\"gb-headline gb-headline-60b75ac5 gb-headline-text\">Energies renovables<\/h3>\r\n<\/figure>\n\n<\/div><\/div><\/div>\n\n<div class=\"gb-grid-column gb-grid-column-53ab5ddd\"><div class=\"gb-container gb-container-53ab5ddd\"><div class=\"gb-inside-container\">\n\n<figure class=\"gb-block-image gb-block-image-2ebf2079\"><img loading=\"lazy\" decoding=\"async\" width=\"135\" height=\"217\" class=\"gb-image gb-image-2ebf2079\" src=\"https:\/\/concursoescolar.portaventuraworld.com\/wp-content\/uploads\/2022\/10\/ico-residuo-cero.png\" alt=\"\" title=\"ico-residuo-cero\"\/>\n<h3 class=\"gb-headline gb-headline-a2ae5d31 gb-headline-text\">Residus zero<\/h3>\r\n<\/figure>\n\n<\/div><\/div><\/div>\n\n<div class=\"gb-grid-column gb-grid-column-d7b10714\"><div class=\"gb-container gb-container-d7b10714\"><div class=\"gb-inside-container\">\n\n<figure class=\"gb-block-image gb-block-image-aa042334\"><img loading=\"lazy\" decoding=\"async\" width=\"237\" height=\"204\" class=\"gb-image gb-image-aa042334\" src=\"https:\/\/concursoescolar.portaventuraworld.com\/wp-content\/uploads\/2022\/10\/ico-cambio-climatico.png\" alt=\"\" title=\"ico-cambio-climatico\"\/>\n<h3 class=\"gb-headline gb-headline-20b52e5d gb-headline-text\">Canvi clim\u00e0tic<\/h3>\r\n<\/figure>\n\n<\/div><\/div><\/div>\n\n<div class=\"gb-grid-column gb-grid-column-772b71d6\"><div class=\"gb-container gb-container-772b71d6\"><div class=\"gb-inside-container\">\n\n<figure class=\"gb-block-image gb-block-image-54b10d8a\"><img loading=\"lazy\" decoding=\"async\" width=\"253\" height=\"217\" class=\"gb-image gb-image-54b10d8a\" src=\"https:\/\/concursoescolar.portaventuraworld.com\/wp-content\/uploads\/2022\/10\/ico-biodiversidad.png\" alt=\"\" title=\"ico-biodiversidad\"\/>\n<h3 class=\"gb-headline gb-headline-226d2090 gb-headline-text\">Biodiversitat<\/h3>\r\n<\/figure>\n\n<\/div><\/div><\/div>\n\n<div class=\"gb-grid-column gb-grid-column-04f595ec\"><div class=\"gb-container gb-container-04f595ec\"><div class=\"gb-inside-container\">\n\n<figure class=\"gb-block-image gb-block-image-f0f7eec2\"><img loading=\"lazy\" decoding=\"async\" width=\"230\" height=\"230\" class=\"gb-image gb-image-f0f7eec2\" src=\"https:\/\/concursoescolar.portaventuraworld.com\/wp-content\/uploads\/2022\/10\/ico-desechos-marinos.png\" alt=\"\" title=\"ico-desechos-marinos\" srcset=\"https:\/\/concursoescolar.portaventuraworld.com\/wp-content\/uploads\/2022\/10\/ico-desechos-marinos.png 230w, https:\/\/concursoescolar.portaventuraworld.com\/wp-content\/uploads\/2022\/10\/ico-desechos-marinos-150x150.png 150w\" sizes=\"auto, (max-width: 230px) 100vw, 230px\" \/>\n<h3 class=\"gb-headline gb-headline-5d764880 gb-headline-text\">Residus marins<\/h3>\r\n<\/figure>\n\n<\/div><\/div><\/div>\n<\/div>\n<\/div><\/div>\n<\/div><\/div>\n\n<div class=\"gb-container gb-container-a1624904\"><div class=\"gb-inside-container\">\n<div class=\"gb-grid-wrapper gb-grid-wrapper-bcbe2dc7\">\n<div class=\"gb-grid-column gb-grid-column-8500fd33\"><div class=\"gb-container gb-container-8500fd33\">\n\n<figure class=\"wp-block-embed aligncenter is-type-video is-provider-youtube wp-block-embed-youtube wp-embed-aspect-16-9 wp-has-aspect-ratio\"><div class=\"wp-block-embed__wrapper\">\n<iframe loading=\"lazy\" title=\"Presentaci\u00f3 del Concurs Escolar | Fes El Teu M\u00f3n M\u00e9s Sostenible\" width=\"1200\" height=\"675\" src=\"https:\/\/www.youtube.com\/embed\/1i5yJImOUe4?feature=oembed\" frameborder=\"0\" allow=\"accelerometer; autoplay; clipboard-write; encrypted-media; gyroscope; picture-in-picture; web-share\" referrerpolicy=\"strict-origin-when-cross-origin\" allowfullscreen><\/iframe>\n<\/div><\/figure>\n\n<\/div><\/div>\n\n<div class=\"gb-grid-column gb-grid-column-7e7270cb\"><div class=\"gb-container gb-container-7e7270cb\">\n\n<figure class=\"wp-block-embed aligncenter is-type-video is-provider-youtube wp-block-embed-youtube wp-embed-aspect-16-9 wp-has-aspect-ratio\"><div class=\"wp-block-embed__wrapper\">\n<iframe loading=\"lazy\" title=\"Com participar en el Concurs Escolar Fes El Teu M\u00f3n M\u00e9s Sostenible de PortAventura World?\" width=\"1200\" height=\"675\" src=\"https:\/\/www.youtube.com\/embed\/0-zi8Oy4HCY?feature=oembed\" frameborder=\"0\" allow=\"accelerometer; autoplay; clipboard-write; encrypted-media; gyroscope; picture-in-picture; web-share\" referrerpolicy=\"strict-origin-when-cross-origin\" allowfullscreen><\/iframe>\n<\/div><\/figure>\n\n<\/div><\/div>\n<\/div>\n\n<div class=\"gb-container gb-container-1b0ac4ed\"><div class=\"gb-inside-container\">\n\n<p class=\"gb-headline gb-headline-59a4dbfa gb-headline-text\">Si sumem un petit gest al vostre centre educatiu, com ara reduir la despesa energ\u00e8tica, reduir els residus o fomentar els despla\u00e7aments no contaminants, als petits gestos de la resta de centres d&#8217;Espanya.<\/p>\n\n\n\n<h2 class=\"gb-headline gb-headline-a4201130 gb-headline-text\">El m\u00f3n experimentar\u00e0 un gran canvi!<\/h2>\n\n<\/div><\/div>\n<\/div><\/div>\n\n<div class=\"gb-container gb-container-2731b8dc alignfull\"><div class=\"gb-inside-container\">\n<div class=\"gb-container gb-container-9449da67\"><div class=\"gb-inside-container\">\n\n<h2 class=\"gb-headline gb-headline-c99d50e8 gb-headline-text\">Us apunteu al moviment <strong>#HTMMS<\/strong> per construir entre tots un futur millor? Podreu compartir el vostre progr\u00e9s en el concurs a trav\u00e9s de les xarxes utilitzant el <em>hashtag<\/em>!<\/h2>\r\n\n<\/div><\/div>\n<\/div><\/div>\n\n<div class=\"gb-container gb-container-d6babad0\"><div class=\"gb-inside-container\">\n\n<h2 class=\"gb-headline gb-headline-1f811684 gb-headline-text\">Dates claus del concurs<\/h2>\n\n\n<div class=\"gb-container gb-container-7bac87cd\"><div class=\"gb-inside-container\">\n\n<figure class=\"gb-block-image gb-block-image-60ad9c1d\"><img loading=\"lazy\" decoding=\"async\" width=\"1676\" height=\"398\" class=\"gb-image gb-image-60ad9c1d\" src=\"https:\/\/concursoescolar.portaventuraworld.com\/wp-content\/uploads\/2025\/09\/FECHAS-CLAVE-CAT.png\" alt=\"\" title=\"FECHAS CLAVE CAT\" srcset=\"https:\/\/concursoescolar.portaventuraworld.com\/wp-content\/uploads\/2025\/09\/FECHAS-CLAVE-CAT.png 1676w, https:\/\/concursoescolar.portaventuraworld.com\/wp-content\/uploads\/2025\/09\/FECHAS-CLAVE-CAT-500x119.png 500w, https:\/\/concursoescolar.portaventuraworld.com\/wp-content\/uploads\/2025\/09\/FECHAS-CLAVE-CAT-1024x243.png 1024w, https:\/\/concursoescolar.portaventuraworld.com\/wp-content\/uploads\/2025\/09\/FECHAS-CLAVE-CAT-768x182.png 768w, https:\/\/concursoescolar.portaventuraworld.com\/wp-content\/uploads\/2025\/09\/FECHAS-CLAVE-CAT-1536x365.png 1536w\" sizes=\"auto, (max-width: 1676px) 100vw, 1676px\" \/><\/figure>\n\n\n\n<div style=\"height:100px\" aria-hidden=\"true\" class=\"wp-block-spacer\"><\/div>\n\n\n<div class=\"gb-grid-wrapper gb-grid-wrapper-c9df4004\">\n<div class=\"gb-grid-column gb-grid-column-dc53a56b\"><div class=\"gb-container gb-container-dc53a56b\">\n\n<h3 class=\"gb-headline gb-headline-b91a7922 gb-headline-text\"><strong>Joves Units al Repte<\/strong><\/h3>\n\n\n\n<span class=\"counter\" data-count=\"37181\">0<\/span>\n\n<\/div><\/div>\n\n<div class=\"gb-grid-column gb-grid-column-c926fbce\"><div class=\"gb-container gb-container-c926fbce\">\n\n<h3 class=\"gb-headline gb-headline-3cc0541c gb-headline-text\"><strong>Centres Educatius<\/strong><\/h3>\n\n\n\n<span class=\"counter\" data-count=\"83\">0<\/span>\n\n<\/div><\/div>\n\n<div class=\"gb-grid-column gb-grid-column-3c940962\"><div class=\"gb-container gb-container-3c940962\">\n\n<h3 class=\"gb-headline gb-headline-bd18f232 gb-headline-text\"><strong>Iniciatives Sostenibles<\/strong><\/h3>\n\n\n\n<span class=\"counter\" data-count=\"544\">0<\/span>\n\n<\/div><\/div>\n<\/div>\n\n\n<div style=\"height:60px\" aria-hidden=\"true\" class=\"wp-block-spacer\"><\/div>\n\n<\/div><\/div>\n<\/div><\/div>\n\n<div class=\"gb-container gb-container-c7b2a00c alignfull\"><div class=\"gb-inside-container\">\n<div class=\"gb-container gb-container-ec23d338\"><div class=\"gb-inside-container\">\n<div class=\"gb-grid-wrapper gb-grid-wrapper-a7bd609f\">\n<div class=\"gb-grid-column gb-grid-column-7a88b847\"><div class=\"gb-container gb-container-7a88b847\"><div class=\"gb-inside-container\">\n\n<h3 class=\"gb-headline gb-headline-dd90eaad gb-headline-text\">El 100% dels professors enquestats a les edicions pr\u00e8vies del concurs considera que:<\/h3>\n\n\n<div class=\"gb-grid-wrapper gb-grid-wrapper-4bf1b14e\">\n<div class=\"gb-grid-column gb-grid-column-3353493a\"><div class=\"gb-container gb-container-3353493a\">\n\n<p class=\"gb-headline gb-headline-45101bf8 gb-headline-text\">Permet treballar els ODS de manera amena.<\/p>\n\n<\/div><\/div>\n\n<div class=\"gb-grid-column gb-grid-column-f7d40def\"><div class=\"gb-container gb-container-f7d40def\">\n\n<p class=\"gb-headline gb-headline-d4f51ea2 gb-headline-text\">Contribueix a prendre<br>consci\u00e8ncia i modificar<br>h\u00e0bits sobre com millorar el nostre entorn.<\/p>\n\n<\/div><\/div>\n\n<div class=\"gb-grid-column gb-grid-column-d319c973\"><div class=\"gb-container gb-container-d319c973\">\n\n<p class=\"gb-headline gb-headline-8ab3b6b8 gb-headline-text\">Promou actituds que<br>afavoreixen un futur m\u00e9s<br>sostenible per al nostre<br>planeta.<\/p>\n\n<\/div><\/div>\n<\/div>\n\n\n<h3 class=\"gb-headline gb-headline-19bd41d6 gb-headline-text\">I tots ho recomanen i volen tornar a participar-hi!<\/h3>\n\n\n\n<h2 class=\"gb-headline gb-headline-107016e3 gb-headline-text\">Vols que el teu centre educatiu hi participi?<\/h2>\n\n\n\n<p class=\"gb-headline gb-headline-8af79abb gb-headline-text\">A l&#8217;octubre, podreu descarregar el full informatiu per con\u00e8ixer tots els detalls i poder inscriure la vostra classe.<\/p>\n\n\n<div class=\"gb-button-wrapper gb-button-wrapper-5dee0e80\">\n\n<a class=\"gb-button gb-button-258c40ee gb-button-text\" href=\"https:\/\/concursoescolar.portaventuraworld.com\/materiales\/folleto_cat.pdf\" target=\"_blank\" rel=\"noopener noreferrer\">Descarrega&#8217;l!<\/a>\n\n\n\n<a class=\"gb-button gb-button-595a6cc3 gb-button-text\" href=\"https:\/\/concursoescolar.portaventuraworld.com\/ca\/inscribete\/\">Inscriu-te<\/a>\n\n<\/div>\n<\/div><\/div><\/div>\n\n<div class=\"gb-grid-column gb-grid-column-a45d654d\"><div class=\"gb-container gb-container-a45d654d\"><div class=\"gb-inside-container\">\n\n<figure class=\"gb-block-image gb-block-image-38aa180d\"><img loading=\"lazy\" decoding=\"async\" width=\"1317\" height=\"1080\" class=\"gb-image gb-image-38aa180d\" src=\"https:\/\/concursoescolar.portaventuraworld.com\/wp-content\/uploads\/2025\/10\/Mockup-folleto_informativo-25_26-CAT.png\" alt=\"\" title=\"Mockup-folleto_informativo-25_26-CAT\" srcset=\"https:\/\/concursoescolar.portaventuraworld.com\/wp-content\/uploads\/2025\/10\/Mockup-folleto_informativo-25_26-CAT.png 1317w, https:\/\/concursoescolar.portaventuraworld.com\/wp-content\/uploads\/2025\/10\/Mockup-folleto_informativo-25_26-CAT-500x410.png 500w, https:\/\/concursoescolar.portaventuraworld.com\/wp-content\/uploads\/2025\/10\/Mockup-folleto_informativo-25_26-CAT-1024x840.png 1024w, https:\/\/concursoescolar.portaventuraworld.com\/wp-content\/uploads\/2025\/10\/Mockup-folleto_informativo-25_26-CAT-768x630.png 768w\" sizes=\"auto, (max-width: 1317px) 100vw, 1317px\" \/><\/figure>\n\n<\/div><\/div><\/div>\n<\/div>\n<\/div><\/div>\n<\/div><\/div>\n\n<div class=\"gb-container gb-container-64a5ada8\"><div class=\"gb-inside-container\">\n\n<h2 class=\"gb-headline gb-headline-68bca6bf gb-headline-text\">Ets docent i ja has inscrit la teva classe al concurs?<\/h2>\n\n\n\n<h3 class=\"gb-headline gb-headline-9d3f1450 gb-headline-text\">Anima el teu alumnat a participar-hi.<\/h3>\n\n\n\n<p class=\"gb-headline gb-headline-c77e7b72 gb-headline-text\">Descarrega la guia del docent per acompanyar f\u00e0cilment el teu alumnat en aquesta aventura, aix\u00ed com el pas a pas amb informaci\u00f3 clau i el formulari de participaci\u00f3 que haureu d&#8217;enviar per participar-hi.<\/p>\n\n<\/div><\/div>\n\n<div class=\"gb-container gb-container-f2cbcd4e\"><div class=\"gb-inside-container\">\n<div class=\"gb-grid-wrapper gb-grid-wrapper-2693db0f\">\n<div class=\"gb-grid-column gb-grid-column-e2007ee7\"><div class=\"gb-container gb-container-e2007ee7\"><div class=\"gb-inside-container\">\n\n<h3 class=\"gb-headline gb-headline-de5bc1bd gb-headline-text\">Guia del docent<\/h3>\n\n\n\n<figure class=\"gb-block-image gb-block-image-606e1049\"><img loading=\"lazy\" decoding=\"async\" width=\"1024\" height=\"655\" class=\"gb-image gb-image-606e1049\" src=\"https:\/\/concursoescolar.portaventuraworld.com\/wp-content\/uploads\/2022\/10\/Mockup-guia-docente-CAST-1024x655.png\" alt=\"\" title=\"Mockup-guia-docente-CAST\" srcset=\"https:\/\/concursoescolar.portaventuraworld.com\/wp-content\/uploads\/2022\/10\/Mockup-guia-docente-CAST-1024x655.png 1024w, https:\/\/concursoescolar.portaventuraworld.com\/wp-content\/uploads\/2022\/10\/Mockup-guia-docente-CAST-300x192.png 300w, https:\/\/concursoescolar.portaventuraworld.com\/wp-content\/uploads\/2022\/10\/Mockup-guia-docente-CAST-768x491.png 768w, https:\/\/concursoescolar.portaventuraworld.com\/wp-content\/uploads\/2022\/10\/Mockup-guia-docente-CAST.png 1080w\" sizes=\"auto, (max-width: 1024px) 100vw, 1024px\" \/><\/figure>\n\n\n<div class=\"gb-button-wrapper gb-button-wrapper-760b5d1d\">\n\n<a class=\"gb-button gb-button-c42bbafd gb-button-text\" href=\"https:\/\/concursoescolar.portaventuraworld.com\/ca\/inscribete\/\" target=\"_blank\" rel=\"noopener noreferrer\">Descarregar<\/a>\n\n<\/div>\n<\/div><\/div><\/div>\n\n<div class=\"gb-grid-column gb-grid-column-c2fb50ee\"><div class=\"gb-container gb-container-c2fb50ee\"><div class=\"gb-inside-container\">\n\n<h3 class=\"gb-headline gb-headline-7339bbad gb-headline-text\">pas a pas<\/h3>\n\n\n\n<figure class=\"gb-block-image gb-block-image-887a0e7e\"><img loading=\"lazy\" decoding=\"async\" width=\"800\" height=\"744\" class=\"gb-image gb-image-887a0e7e\" src=\"https:\/\/concursoescolar.portaventuraworld.com\/wp-content\/uploads\/2024\/10\/Mockup-paso_a_paso-24_25-CAT.png\" alt=\"\" title=\"Mockup-paso_a_paso-24_25-CAT\" srcset=\"https:\/\/concursoescolar.portaventuraworld.com\/wp-content\/uploads\/2024\/10\/Mockup-paso_a_paso-24_25-CAT.png 800w, https:\/\/concursoescolar.portaventuraworld.com\/wp-content\/uploads\/2024\/10\/Mockup-paso_a_paso-24_25-CAT-500x465.png 500w, https:\/\/concursoescolar.portaventuraworld.com\/wp-content\/uploads\/2024\/10\/Mockup-paso_a_paso-24_25-CAT-768x714.png 768w\" sizes=\"auto, (max-width: 800px) 100vw, 800px\" \/><\/figure>\n\n\n<div class=\"gb-button-wrapper gb-button-wrapper-dbe76154\">\n\n<a class=\"gb-button gb-button-120ef0cd gb-button-text\" href=\"https:\/\/concursoescolar.portaventuraworld.com\/materiales\/paso_a_paso_cat.pdf\" target=\"_blank\" rel=\"noopener noreferrer\">Descarregar<\/a>\n\n<\/div>\n<\/div><\/div><\/div>\n\n<div class=\"gb-grid-column gb-grid-column-09af0cb4\"><div class=\"gb-container gb-container-09af0cb4\"><div class=\"gb-inside-container\">\n\n<h3 class=\"gb-headline gb-headline-fe9aa9b1 gb-headline-text\">Formulari de participaci\u00f3<\/h3>\n\n\n\n<figure class=\"gb-block-image gb-block-image-b1202c98\"><img loading=\"lazy\" decoding=\"async\" width=\"675\" height=\"913\" class=\"gb-image gb-image-b1202c98\" src=\"https:\/\/concursoescolar.portaventuraworld.com\/wp-content\/uploads\/2022\/10\/Mockup-formulario-participacion-CAST.png\" alt=\"\" title=\"Mockup-formulario-participacion-CAST\" srcset=\"https:\/\/concursoescolar.portaventuraworld.com\/wp-content\/uploads\/2022\/10\/Mockup-formulario-participacion-CAST.png 675w, https:\/\/concursoescolar.portaventuraworld.com\/wp-content\/uploads\/2022\/10\/Mockup-formulario-participacion-CAST-222x300.png 222w\" sizes=\"auto, (max-width: 675px) 100vw, 675px\" \/><\/figure>\n\n\n<div class=\"gb-button-wrapper gb-button-wrapper-2f99363c\">\n\n<a class=\"gb-button gb-button-e207b08e gb-button-text\" href=\"https:\/\/concursoescolar.portaventuraworld.com\/materiales\/formulario_cat.pdf\" target=\"_blank\" rel=\"noopener noreferrer\">Descarregar<\/a>\n\n<\/div>\n<\/div><\/div><\/div>\n<\/div>\n<\/div><\/div>\n\n\n<p><\/p>\n","protected":false},"excerpt":{"rendered":"<p>S\u00f3n els petits gestos els que inicien grans canvis! Nom\u00e9s cal una bona idea, el vostre treball en equip i una bona dosi d&#8217;il\u00b7lusi\u00f3 per dur a terme projectes que facin el vostre m\u00f3n m\u00e9s sostenible. Si sumem un petit gest al vostre centre educatiu, com ara reduir la despesa energ\u00e8tica, reduir els residus o &#8230; <a title=\"Home Concurs Actiu\" class=\"read-more\" href=\"https:\/\/concursoescolar.portaventuraworld.com\/ca\/\" aria-label=\"M\u00e9s informaci\u00f3 sobre Home Concurs Actiu\">Llegiu m\u00e9s<\/a><\/p>\n","protected":false},"author":1,"featured_media":0,"parent":0,"menu_order":0,"comment_status":"closed","ping_status":"closed","template":"","meta":{"footnotes":""},"class_list":["post-1524","page","type-page","status-publish"],"_links":{"self":[{"href":"https:\/\/concursoescolar.portaventuraworld.com\/ca\/wp-json\/wp\/v2\/pages\/1524","targetHints":{"allow":["GET"]}}],"collection":[{"href":"https:\/\/concursoescolar.portaventuraworld.com\/ca\/wp-json\/wp\/v2\/pages"}],"about":[{"href":"https:\/\/concursoescolar.portaventuraworld.com\/ca\/wp-json\/wp\/v2\/types\/page"}],"author":[{"embeddable":true,"href":"https:\/\/concursoescolar.portaventuraworld.com\/ca\/wp-json\/wp\/v2\/users\/1"}],"replies":[{"embeddable":true,"href":"https:\/\/concursoescolar.portaventuraworld.com\/ca\/wp-json\/wp\/v2\/comments?post=1524"}],"version-history":[{"count":33,"href":"https:\/\/concursoescolar.portaventuraworld.com\/ca\/wp-json\/wp\/v2\/pages\/1524\/revisions"}],"predecessor-version":[{"id":2435,"href":"https:\/\/concursoescolar.portaventuraworld.com\/ca\/wp-json\/wp\/v2\/pages\/1524\/revisions\/2435"}],"wp:attachment":[{"href":"https:\/\/concursoescolar.portaventuraworld.com\/ca\/wp-json\/wp\/v2\/media?parent=1524"}],"curies":[{"name":"wp","href":"https:\/\/api.w.org\/{rel}","templated":true}]}}